{"id":523,"date":"2013-06-11T16:31:14","date_gmt":"2013-06-11T15:31:14","guid":{"rendered":"http:\/\/nouveau.le-vegnolan.ch\/?page_id=523"},"modified":"2013-10-02T16:28:14","modified_gmt":"2013-10-02T15:28:14","slug":"liens","status":"publish","type":"page","link":"https:\/\/www.le-vegnolan.ch\/?page_id=523","title":{"rendered":"Liens"},"content":{"rendered":"<h1>Notre commune :<br \/>\nLa Tour-de-Peilz :\u00a0<a href=\"http:\/\/www.la-tour-de-peilz.ch\">www.la-tour-de-peilz.ch<\/a><\/h1>\n<h2>Folklore :<br \/>\nF.N.C.S. f\u00e9d\u00e9ration nationale costumes suisse\u00a0: <a href=\"http:\/\/www.costumes.ch\">www.costumes.ch<\/a><br \/>\nA.C.C.V. association cantonale costume vaudois : <a href=\"http:\/\/www.costume-vaudois.ch\">www.costume-vaudois.ch<\/a><br \/>\nOrchestre folk b\u00e2lois : <a href=\"http:\/\/www.oberbaselbieterlk.ch\">www.oberbaselbieterlk.ch<br \/>\n<\/a>L\u00e8 Ma\u00efentzett\u00e8 et La Sittelle : <a href=\"http:\/\/www.chanter-danser.ch\">www.chanter-danser.ch<\/a><br \/>\nFiligrane : <a href=\"http:\/\/www.tympanon.ch\">www.tympanon.ch<\/a><\/h2>\n<p>&nbsp;<\/p>\n<h2>La revue musicale francophone\u00a0 \u00ab\u00a0sympaphonie\u00a0\u00bb : <a href=\"http:\/\/www.sympaphonie.ch\">www.sympaphonie.ch<\/a><\/h2>\n<h3><\/h3>\n","protected":false},"excerpt":{"rendered":"<p>Notre commune : La Tour-de-Peilz :\u00a0www.la-tour-de-peilz.ch Folklore : F.N.C.S. f\u00e9d\u00e9ration nationale costumes suisse\u00a0: www.costumes.ch A.C.C.V. association cantonale costume vaudois : www.costume-vaudois.ch Orchestre folk b\u00e2lois : www.oberbaselbieterlk.ch L\u00e8 Ma\u00efentzett\u00e8 et La Sittelle : www.chanter-danser.ch Filigrane : www.tympanon.ch &nbsp; La revue musicale &hellip; <a href=\"https:\/\/www.le-vegnolan.ch\/?page_id=523\">Continuer la lecture <span class=\"meta-nav\">&rarr;<\/span><\/a><\/p>\n","protected":false},"author":1,"featured_media":0,"parent":0,"menu_order":0,"comment_status":"closed","ping_status":"closed","template":"","meta":{"footnotes":""},"class_list":["post-523","page","type-page","status-publish","hentry"],"_links":{"self":[{"href":"https:\/\/www.le-vegnolan.ch\/index.php?rest_route=\/wp\/v2\/pages\/523","targetHints":{"allow":["GET"]}}],"collection":[{"href":"https:\/\/www.le-vegnolan.ch\/index.php?rest_route=\/wp\/v2\/pages"}],"about":[{"href":"https:\/\/www.le-vegnolan.ch\/index.php?rest_route=\/wp\/v2\/types\/page"}],"author":[{"embeddable":true,"href":"https:\/\/www.le-vegnolan.ch\/index.php?rest_route=\/wp\/v2\/users\/1"}],"replies":[{"embeddable":true,"href":"https:\/\/www.le-vegnolan.ch\/index.php?rest_route=%2Fwp%2Fv2%2Fcomments&post=523"}],"version-history":[{"count":7,"href":"https:\/\/www.le-vegnolan.ch\/index.php?rest_route=\/wp\/v2\/pages\/523\/revisions"}],"predecessor-version":[{"id":700,"href":"https:\/\/www.le-vegnolan.ch\/index.php?rest_route=\/wp\/v2\/pages\/523\/revisions\/700"}],"wp:attachment":[{"href":"https:\/\/www.le-vegnolan.ch\/index.php?rest_route=%2Fwp%2Fv2%2Fmedia&parent=523"}],"curies":[{"name":"wp","href":"https:\/\/api.w.org\/{rel}","templated":true}]}}